{"id":851,"date":"2019-10-29T13:10:01","date_gmt":"2019-10-29T12:10:01","guid":{"rendered":"https:\/\/www.skiz1700.com\/rental-conditions-and-legal-advice\/"},"modified":"2020-01-09T12:10:30","modified_gmt":"2020-01-09T11:10:30","slug":"rental-conditions-and-legal-advice","status":"publish","type":"page","link":"https:\/\/skiz1700.com\/en\/rental-conditions-and-legal-advice\/","title":{"rendered":"Rental conditions and legal advice"},"content":{"rendered":"\t\t<div data-elementor-type=\"wp-page\" data-elementor-id=\"851\" class=\"elementor elementor-851 elementor-3\" data-elementor-post-type=\"page\">\n\t\t\t\t\t\t<section class=\"elementor-section elementor-top-section elementor-element elementor-element-b5c3b60 elementor-section-boxed elementor-section-height-default elementor-section-height-default\" data-id=\"b5c3b60\" data-element_type=\"section\" data-settings=\"{&quot;jet_parallax_layout_list&quot;:[]}\">\n\t\t\t\t\t\t<div class=\"elementor-container elementor-column-gap-default\">\n\t\t\t\t\t<div class=\"elementor-column elementor-col-100 elementor-top-column elementor-element elementor-element-94f7856\" data-id=\"94f7856\" data-element_type=\"column\">\n\t\t\t<div class=\"elementor-widget-wrap elementor-element-populated\">\n\t\t\t\t\t\t<div class=\"elementor-element elementor-element-d213da7 elementor-widget elementor-widget-heading\" data-id=\"d213da7\" data-element_type=\"widget\" data-widget_type=\"heading.default\">\n\t\t\t\t<div class=\"elementor-widget-container\">\n\t\t\t<h2 class=\"elementor-heading-title elementor-size-default\">Condicions de la venda on-line<\/h2>\t\t<\/div>\n\t\t\t\t<\/div>\n\t\t\t\t<div class=\"elementor-element elementor-element-443d6b4 elementor-widget elementor-widget-text-editor\" data-id=\"443d6b4\" data-element_type=\"widget\" data-widget_type=\"text-editor.default\">\n\t\t\t\t<div class=\"elementor-widget-container\">\n\t\t\t\t\t\t\t<p style=\"font-weight: 400;\">Skiz ofereix la possibilitat de llogar el seu material a trav\u00e9s de la p\u00e0gina web <a href=\"https:\/\/www.skiz1700.com\/\">www.skiz1700.com<\/a>\u00a0i recollir-lo a la seva botiga f\u00edsica amb les dades de contacte seg\u00fcents i situada a:<\/p>\n<p style=\"font-weight: 400;\"><span style=\"font-style: inherit;\">Hotel Llop gris, cam\u00ed del pont s\/n<br \/>\n<\/span>AD100 El tarter &#8211;\u00a0 Canillo (Andorra).<br \/>\nTel\u00e8fon: (+376) 830 013<br \/>\n<a style=\"font-style: inherit;\" href=\"mailto:info@esportseverest.com\">info@skiz1700.com<\/a><\/p>\n<p style=\"font-weight: 400;\"><span style=\"font-style: inherit;\">La reserva del lloguer del material\u00a0<\/span><span style=\"font-style: inherit;\">d\u2019esqu\u00ed i snowboard que es presenta a la web suposa acceptar les condicions\u00a0<\/span><span style=\"font-style: inherit;\">generals que s\u2019indiquen a continuaci\u00f3 i que s\u00f3n les vigents durant la data de\u00a0<\/span>la reserva.<\/p>\n\t\t\t\t\t\t<\/div>\n\t\t\t\t<\/div>\n\t\t\t\t<div class=\"elementor-element elementor-element-c42188a elementor-widget elementor-widget-heading\" data-id=\"c42188a\" data-element_type=\"widget\" data-widget_type=\"heading.default\">\n\t\t\t\t<div class=\"elementor-widget-container\">\n\t\t\t<h4 class=\"elementor-heading-title elementor-size-default\">Lloguer del material<\/h4>\t\t<\/div>\n\t\t\t\t<\/div>\n\t\t\t\t<div class=\"elementor-element elementor-element-395bb57 elementor-widget elementor-widget-text-editor\" data-id=\"395bb57\" data-element_type=\"widget\" data-widget_type=\"text-editor.default\">\n\t\t\t\t<div class=\"elementor-widget-container\">\n\t\t\t\t\t\t\t<p>El material que s\u2019ofereix en aquesta web\u00e9s el mateix que s\u2019ofereix a la botiga f\u00edsica. Els preus varien en funci\u00f3 delmaterial escollit aix\u00ed com dels dies i n\u00famero de persones. El preu de la reserva del lloguer a trav\u00e9s de la web \u00e9s inferior al de la botiga f\u00edsica.<\/p>\n\t\t\t\t\t\t<\/div>\n\t\t\t\t<\/div>\n\t\t\t\t<div class=\"elementor-element elementor-element-bec8088 elementor-widget elementor-widget-heading\" data-id=\"bec8088\" data-element_type=\"widget\" data-widget_type=\"heading.default\">\n\t\t\t\t<div class=\"elementor-widget-container\">\n\t\t\t<h4 class=\"elementor-heading-title elementor-size-default\">Proc\u00e9s de la reserva del material<\/h4>\t\t<\/div>\n\t\t\t\t<\/div>\n\t\t\t\t<div class=\"elementor-element elementor-element-d0d766a elementor-widget elementor-widget-text-editor\" data-id=\"d0d766a\" data-element_type=\"widget\" data-widget_type=\"text-editor.default\">\n\t\t\t\t<div class=\"elementor-widget-container\">\n\t\t\t\t\t\t\t<p><span lang=\"CA\">Per llogar el material d\u2019esqu\u00ed o snowboard cal clicar a la pestanya\u00a0<\/span><span lang=\"FR\"><a href=\"https:\/\/skiz1700.com\/en\/equipment-rental\/\"><span lang=\"CA\">\u2018RENT NOW&#8217;<\/span><\/a><\/span><span lang=\"CA\"> del men\u00fa superior de la web o accedir-hi a trav\u00e9s d\u2019altres enlla\u00e7os que ofereix la web. Un cop a la p\u00e0gina de lloguer cal seleccionar els dies que es vol esquiar; posteriorment seleccionar si \u00e9s dona, home o nen i quin pack es vol agafar. Els preus canviaran autom\u00e0ticament a mesura que es canvi\u00ef de dia, pack, producte, etc. Seguidament, posar el nom i cognom quan ho demani i clicar a la cistella per confirmar. Finalment omplir les dades de la persona que fa el pagament i passar a la passarel\u00b7la de pagament. Imprimir la reserva per presentar-la a la botiga.<\/span><\/p>\n\t\t\t\t\t\t<\/div>\n\t\t\t\t<\/div>\n\t\t\t\t<div class=\"elementor-element elementor-element-6c85a20 elementor-widget elementor-widget-heading\" data-id=\"6c85a20\" data-element_type=\"widget\" data-widget_type=\"heading.default\">\n\t\t\t\t<div class=\"elementor-widget-container\">\n\t\t\t<h4 class=\"elementor-heading-title elementor-size-default\">Forma De Pagament<\/h4>\t\t<\/div>\n\t\t\t\t<\/div>\n\t\t\t\t<div class=\"elementor-element elementor-element-3fc22b0 elementor-widget elementor-widget-text-editor\" data-id=\"3fc22b0\" data-element_type=\"widget\" data-widget_type=\"text-editor.default\">\n\t\t\t\t<div class=\"elementor-widget-container\">\n\t\t\t\t\t\t\t<p><span lang=\"CA\">El pagament es far\u00e0 a Skiz mitjan\u00e7ant targeta banc\u00e0ria amb l\u2019entitat Sabadell Andorr\u00e0. El pagament correspondr\u00e0 a un 20% del total del lloguer. El 80% restant es pagar\u00e0 a la botiga f\u00edsica. Les possibles despeses que hi pugui haver relacionades amb\u00a0<\/span><span lang=\"CA\">els pagaments efectuats fora del territori d\u2019emissi\u00f3 de la targeta banc\u00e0ria i altres comissions banc\u00e0ries aniran a c\u00e0rrec del client. Durant el pagament, les dades bancaries protegides per xifrat, no transitaran pels sistemes de Skiz, i per tant no queden a la seva possessi\u00f3.<\/span><\/p>\n\t\t\t\t\t\t<\/div>\n\t\t\t\t<\/div>\n\t\t\t\t<div class=\"elementor-element elementor-element-367ec4c elementor-widget elementor-widget-heading\" data-id=\"367ec4c\" data-element_type=\"widget\" data-widget_type=\"heading.default\">\n\t\t\t\t<div class=\"elementor-widget-container\">\n\t\t\t<h4 class=\"elementor-heading-title elementor-size-default\">Contracte Del Lloguer<\/h4>\t\t<\/div>\n\t\t\t\t<\/div>\n\t\t\t\t<div class=\"elementor-element elementor-element-e02e21d elementor-widget elementor-widget-text-editor\" data-id=\"e02e21d\" data-element_type=\"widget\" data-widget_type=\"text-editor.default\">\n\t\t\t\t<div class=\"elementor-widget-container\">\n\t\t\t\t\t\t\t<p>La reserva del lloguer ser\u00e0 efectiva a partir del moment que s\u2019hagi fet el cobrament estipulat a Skiz aix\u00ed com la recepci\u00f3 d\u2019un correu electr\u00f2nic de confirmaci\u00f3 per part del client a trav\u00e9s d\u2019un correu electr\u00f2nic, que inclou la reserva per imprimir i lliurar a la botiga f\u00edsica.<\/p>\n\t\t\t\t\t\t<\/div>\n\t\t\t\t<\/div>\n\t\t\t\t<div class=\"elementor-element elementor-element-b87866d elementor-widget elementor-widget-heading\" data-id=\"b87866d\" data-element_type=\"widget\" data-widget_type=\"heading.default\">\n\t\t\t\t<div class=\"elementor-widget-container\">\n\t\t\t<h4 class=\"elementor-heading-title elementor-size-default\">Durada Del Lloguer<\/h4>\t\t<\/div>\n\t\t\t\t<\/div>\n\t\t\t\t<div class=\"elementor-element elementor-element-f72c875 elementor-widget elementor-widget-text-editor\" data-id=\"f72c875\" data-element_type=\"widget\" data-widget_type=\"text-editor.default\">\n\t\t\t\t<div class=\"elementor-widget-container\">\n\t\t\t\t\t\t\t<p>El lloguer comen\u00e7a en el moment que el client paga el 80% restant i recull el material a la botiga. La durada del lloguer vindr\u00e0 indicada en la reserva impresa. El material ha de ser retornat, en el mateix estat, al final de l\u2019\u00faltim dia de lloguer. Per a cada reserva es demanar\u00e0 la presentaci\u00f3 d\u2019un document nacional d\u2019identitat. Als menors de 12 anys tamb\u00e9 es demanar un document d\u2019identitat per verificar-ne l\u2019edat. Durant el lloguer, el client ser\u00e0 el responsable del material, des de que el recull fins al seu retorn.<\/p>\n\t\t\t\t\t\t<\/div>\n\t\t\t\t<\/div>\n\t\t\t\t<div class=\"elementor-element elementor-element-f1a0e75 elementor-widget elementor-widget-heading\" data-id=\"f1a0e75\" data-element_type=\"widget\" data-widget_type=\"heading.default\">\n\t\t\t\t<div class=\"elementor-widget-container\">\n\t\t\t<h4 class=\"elementor-heading-title elementor-size-default\">L\u2019\u00fas Del Material<\/h4>\t\t<\/div>\n\t\t\t\t<\/div>\n\t\t\t\t<div class=\"elementor-element elementor-element-d1df9bf elementor-widget elementor-widget-text-editor\" data-id=\"d1df9bf\" data-element_type=\"widget\" data-widget_type=\"text-editor.default\">\n\t\t\t\t<div class=\"elementor-widget-container\">\n\t\t\t\t\t\t\t<p><span lang=\"CA\">El material llogat \u00e9s personal i intransferible. L\u2019arrendatari est\u00e0 obligat a utilitzar, mantenir i conservar amb dilig\u00e8ncia l\u2019equip i fer-ne l\u2019\u00fas pel qual est\u00e0 destinat.\u00a0<\/span><span lang=\"CA\">L\u2019arrendatari reconeix que ha examinat pr\u00e8viament l\u2019equip entregat i reconeix que est\u00e0 en bon estat i llest per a ser utilitzat. El mal \u00fas de l\u2019equip llogat comportar\u00e0 una sanci\u00f3 equivalent al cost de la reparaci\u00f3. L\u2019entrega d\u2019un equip diferent a l\u2019entregat a l\u2019inici comportar\u00e0 el pagament de<br \/>\nl\u2019equip nou.\u00a0<\/span>Queda totalment prohibit al client modificar el reglatge de les\u00a0fixacions.<\/p>\n\t\t\t\t\t\t<\/div>\n\t\t\t\t<\/div>\n\t\t\t\t<div class=\"elementor-element elementor-element-4b0d016 elementor-widget elementor-widget-heading\" data-id=\"4b0d016\" data-element_type=\"widget\" data-widget_type=\"heading.default\">\n\t\t\t\t<div class=\"elementor-widget-container\">\n\t\t\t<h4 class=\"elementor-heading-title elementor-size-default\">Condicions De Cancel\u00b7laci\u00f3<\/h4>\t\t<\/div>\n\t\t\t\t<\/div>\n\t\t\t\t<div class=\"elementor-element elementor-element-112dc01 elementor-widget elementor-widget-text-editor\" data-id=\"112dc01\" data-element_type=\"widget\" data-widget_type=\"text-editor.default\">\n\t\t\t\t<div class=\"elementor-widget-container\">\n\t\t\t\t\t\t\t<p>Es pot cancel\u00b7lar un lloguer sempre i quan es faci 48 hores abans (a comptar de l\u2019horari d\u2019obertura de la botiga, 8.30h) del dia que toca recollir el material. Si \u00e9s aix\u00ed Skiz retornar\u00e0 el total pagat pel client. Si la cancel\u00b7laci\u00f3 es produeix dins d\u2019aquest termini el client perdr\u00e0 l\u2019import pagat a trav\u00e9s de la web. En cas de retorn dels diners, es far\u00e0 un ingr\u00e9s al compte associat a la targeta amb la que s\u2019ha fet el pagament.<\/p>\n\t\t\t\t\t\t<\/div>\n\t\t\t\t<\/div>\n\t\t\t\t<div class=\"elementor-element elementor-element-8a5e33c elementor-widget elementor-widget-heading\" data-id=\"8a5e33c\" data-element_type=\"widget\" data-widget_type=\"heading.default\">\n\t\t\t\t<div class=\"elementor-widget-container\">\n\t\t\t<h4 class=\"elementor-heading-title elementor-size-default\">Protecci\u00f3 Dades Personals<\/h4>\t\t<\/div>\n\t\t\t\t<\/div>\n\t\t\t\t<div class=\"elementor-element elementor-element-521ebed elementor-widget elementor-widget-text-editor\" data-id=\"521ebed\" data-element_type=\"widget\" data-widget_type=\"text-editor.default\">\n\t\t\t\t<div class=\"elementor-widget-container\">\n\t\t\t\t\t\t\t<p>En aquest lloc web no es recull cap dada personal sense el consentiment del client. Les dades personals que el client facilita no se cedeixen ni es venen a tercers. Les dades que se sol\u00b7liciten s\u00f3n les estrictament necess\u00e0ries i imprescindibles per a poder proporcionar una resposta o una prestaci\u00f3 de servei al client. Aquestes dades poden ser utilitzades nom\u00e9s per Skiz per fins comercials com l\u2019enviament d\u2019ofertes puntuals, a trav\u00e9s de correu electr\u00f2nic, i que poden ser d\u2019inter\u00e8s per al client.<\/p>\n\t\t\t\t\t\t<\/div>\n\t\t\t\t<\/div>\n\t\t\t\t<div class=\"elementor-element elementor-element-b0551e3 elementor-widget elementor-widget-heading\" data-id=\"b0551e3\" data-element_type=\"widget\" data-widget_type=\"heading.default\">\n\t\t\t\t<div class=\"elementor-widget-container\">\n\t\t\t<h4 class=\"elementor-heading-title elementor-size-default\">Drets De L\u2019usuari<\/h4>\t\t<\/div>\n\t\t\t\t<\/div>\n\t\t\t\t<div class=\"elementor-element elementor-element-4580616 elementor-widget elementor-widget-text-editor\" data-id=\"4580616\" data-element_type=\"widget\" data-widget_type=\"text-editor.default\">\n\t\t\t\t<div class=\"elementor-widget-container\">\n\t\t\t\t\t\t\t<p style=\"font-weight: 400;\">Les dades personals recollides en aquesta Web es tractaran \u00fanica i exclusivament amb la finalitat descrita en la Protecci\u00f3 de dades personals i no s\u2019utilitzaran per a cap altra finalitat.\u00a0En qualsevol moment els usuaris poden exercir els seus drets d\u2019acc\u00e9s, oposici\u00f3, correcci\u00f3 i supressi\u00f3 de les seves dades de car\u00e0cter personal. Aquests drets els pot exercir l\u2019usuari davant del responsable del tractament de les dades, mitjan\u00e7ant una sol\u00b7licitud per carta o correu electr\u00f2nic al domicili social de l\u2019empresa:<\/p>\n<p style=\"font-weight: 400;\">Hotel Llop gris, cam\u00ed del pont s\/n<br \/>\nAD100 El tarter &#8211; Canillo (Andorra).<br \/>\nTel\u00e8fon: (+376) 830 013<br \/>\n<a style=\"font-style: inherit;\" href=\"mailto:info@skiz1700.com\">info@skiz1700.com<\/a><\/p>\n\t\t\t\t\t\t<\/div>\n\t\t\t\t<\/div>\n\t\t\t\t<div class=\"elementor-element elementor-element-0feadb0 elementor-widget elementor-widget-heading\" data-id=\"0feadb0\" data-element_type=\"widget\" data-widget_type=\"heading.default\">\n\t\t\t\t<div class=\"elementor-widget-container\">\n\t\t\t<h4 class=\"elementor-heading-title elementor-size-default\">Skiz 1700 SL<\/h4>\t\t<\/div>\n\t\t\t\t<\/div>\n\t\t\t\t<div class=\"elementor-element elementor-element-e964201 elementor-widget elementor-widget-text-editor\" data-id=\"e964201\" data-element_type=\"widget\" data-widget_type=\"text-editor.default\">\n\t\t\t\t<div class=\"elementor-widget-container\">\n\t\t\t\t\t\t\t<p style=\"font-weight: 400;\"><span lang=\"CA\">Skiz 1700 SL es reserva el dret en tot moment de modificar les dades de la p\u00e0gina web mitjan\u00e7ant l\u2019actualitzaci\u00f3 de la mateixa. Skiz<\/span><span lang=\"CA\">\u00a0no podr\u00e0 ser considerada responsable per qualsevol dany, directa o indirectament, que resulti d\u2019alguna informaci\u00f3 de continguts a la web. L\u2019usuari es compromet a no utilitzar en aquesta p\u00e0gina web, informaci\u00f3 que pugui comportar responsabilitat civil o penal, i es compromet aix\u00ed mateix a no difondre a trav\u00e9s de la p\u00e0gina web informaci\u00f3 il\u2022legal, contr\u00e0ria a l\u2019ordre p\u00fablic o difamat\u00f2ria.<\/span><\/p>\n\t\t\t\t\t\t<\/div>\n\t\t\t\t<\/div>\n\t\t\t\t<div class=\"elementor-element elementor-element-fce3d5b elementor-widget elementor-widget-heading\" data-id=\"fce3d5b\" data-element_type=\"widget\" data-widget_type=\"heading.default\">\n\t\t\t\t<div class=\"elementor-widget-container\">\n\t\t\t<h4 class=\"elementor-heading-title elementor-size-default\">Legislaci\u00f3 aplicable i jurisdicci\u00f3<\/h4>\t\t<\/div>\n\t\t\t\t<\/div>\n\t\t\t\t<div class=\"elementor-element elementor-element-c37965c elementor-widget elementor-widget-text-editor\" data-id=\"c37965c\" data-element_type=\"widget\" data-widget_type=\"text-editor.default\">\n\t\t\t\t<div class=\"elementor-widget-container\">\n\t\t\t\t\t\t\t<p style=\"font-weight: 400;\">Els Termes i Condicions es regiran per la legislaci\u00f3 andorrana.<br \/>\nEls usuaris d&#8217;aquest lloc web es sotmeten a la jurisdicci\u00f3 andorrana, amb ren\u00fancia expressa a qualsevol altre fur que, conforme a Dret, els pogu\u00e9s correspondre.<\/p>\n\t\t\t\t\t\t<\/div>\n\t\t\t\t<\/div>\n\t\t\t\t\t<\/div>\n\t\t<\/div>\n\t\t\t\t\t<\/div>\n\t\t<\/section>\n\t\t\t\t<\/div>\n\t\t","protected":false},"excerpt":{"rendered":"<p>Condicions de la venda on-line Skiz ofereix la possibilitat de llogar el seu material a trav\u00e9s de la p\u00e0gina web www.skiz1700.com\u00a0i recollir-lo a la seva botiga f\u00edsica amb les dades de contacte seg\u00fcents i situada a: Hotel Llop gris, cam\u00ed del pont s\/n AD100 El tarter &#8211;\u00a0 Canillo (Andorra). Tel\u00e8fon: (+376) 830 013 info@skiz1700.com La [&hellip;]<\/p>\n","protected":false},"author":1,"featured_media":0,"parent":0,"menu_order":0,"comment_status":"closed","ping_status":"closed","template":"","meta":{"footnotes":""},"class_list":["post-851","page","type-page","status-publish","hentry"],"yoast_head":"<!-- This site is optimized with the Yoast SEO plugin v27.3 - https:\/\/yoast.com\/product\/yoast-seo-wordpress\/ -->\n<title>Rental conditions and legal advice - Skiz<\/title>\n<meta name=\"robots\" content=\"index, follow, max-snippet:-1, max-image-preview:large, max-video-preview:-1\" \/>\n<link rel=\"canonical\" href=\"https:\/\/skiz1700.com\/en\/rental-conditions-and-legal-advice\/\" \/>\n<meta property=\"og:locale\" content=\"en_US\" \/>\n<meta property=\"og:type\" content=\"article\" \/>\n<meta property=\"og:title\" content=\"Rental conditions and legal advice - Skiz\" \/>\n<meta property=\"og:description\" content=\"Condicions de la venda on-line Skiz ofereix la possibilitat de llogar el seu material a trav\u00e9s de la p\u00e0gina web www.skiz1700.com\u00a0i recollir-lo a la seva botiga f\u00edsica amb les dades de contacte seg\u00fcents i situada a: Hotel Llop gris, cam\u00ed del pont s\/n AD100 El tarter &#8211;\u00a0 Canillo (Andorra). Tel\u00e8fon: (+376) 830 013 info@skiz1700.com La [&hellip;]\" \/>\n<meta property=\"og:url\" content=\"https:\/\/skiz1700.com\/en\/rental-conditions-and-legal-advice\/\" \/>\n<meta property=\"og:site_name\" content=\"Skiz\" \/>\n<meta property=\"article:publisher\" content=\"https:\/\/www.facebook.com\/skiz1700\" \/>\n<meta property=\"article:modified_time\" content=\"2020-01-09T11:10:30+00:00\" \/>\n<meta property=\"og:image\" content=\"https:\/\/skiz1700.com\/wp-content\/uploads\/2020\/04\/Skiz2024.png\" \/>\n\t<meta property=\"og:image:width\" content=\"562\" \/>\n\t<meta property=\"og:image:height\" content=\"557\" \/>\n\t<meta property=\"og:image:type\" content=\"image\/png\" \/>\n<meta name=\"twitter:card\" content=\"summary_large_image\" \/>\n<meta name=\"twitter:label1\" content=\"Est. reading time\" \/>\n\t<meta name=\"twitter:data1\" content=\"5 minutes\" \/>\n<script type=\"application\/ld+json\" class=\"yoast-schema-graph\">{\"@context\":\"https:\\\/\\\/schema.org\",\"@graph\":[{\"@type\":\"WebPage\",\"@id\":\"https:\\\/\\\/skiz1700.com\\\/en\\\/rental-conditions-and-legal-advice\\\/\",\"url\":\"https:\\\/\\\/skiz1700.com\\\/en\\\/rental-conditions-and-legal-advice\\\/\",\"name\":\"Rental conditions and legal advice - Skiz\",\"isPartOf\":{\"@id\":\"https:\\\/\\\/skiz1700.com\\\/#website\"},\"datePublished\":\"2019-10-29T12:10:01+00:00\",\"dateModified\":\"2020-01-09T11:10:30+00:00\",\"breadcrumb\":{\"@id\":\"https:\\\/\\\/skiz1700.com\\\/en\\\/rental-conditions-and-legal-advice\\\/#breadcrumb\"},\"inLanguage\":\"en-US\",\"potentialAction\":[{\"@type\":\"ReadAction\",\"target\":[\"https:\\\/\\\/skiz1700.com\\\/en\\\/rental-conditions-and-legal-advice\\\/\"]}]},{\"@type\":\"BreadcrumbList\",\"@id\":\"https:\\\/\\\/skiz1700.com\\\/en\\\/rental-conditions-and-legal-advice\\\/#breadcrumb\",\"itemListElement\":[{\"@type\":\"ListItem\",\"position\":1,\"name\":\"Portada\",\"item\":\"https:\\\/\\\/skiz1700.com\\\/en\\\/\"},{\"@type\":\"ListItem\",\"position\":2,\"name\":\"Rental conditions and legal advice\"}]},{\"@type\":\"WebSite\",\"@id\":\"https:\\\/\\\/skiz1700.com\\\/#website\",\"url\":\"https:\\\/\\\/skiz1700.com\\\/\",\"name\":\"Skiz\",\"description\":\"\",\"publisher\":{\"@id\":\"https:\\\/\\\/skiz1700.com\\\/#organization\"},\"potentialAction\":[{\"@type\":\"SearchAction\",\"target\":{\"@type\":\"EntryPoint\",\"urlTemplate\":\"https:\\\/\\\/skiz1700.com\\\/?s={search_term_string}\"},\"query-input\":{\"@type\":\"PropertyValueSpecification\",\"valueRequired\":true,\"valueName\":\"search_term_string\"}}],\"inLanguage\":\"en-US\"},{\"@type\":\"Organization\",\"@id\":\"https:\\\/\\\/skiz1700.com\\\/#organization\",\"name\":\"SKIZ\",\"url\":\"https:\\\/\\\/skiz1700.com\\\/\",\"logo\":{\"@type\":\"ImageObject\",\"inLanguage\":\"en-US\",\"@id\":\"https:\\\/\\\/skiz1700.com\\\/#\\\/schema\\\/logo\\\/image\\\/\",\"url\":\"https:\\\/\\\/skiz1700.com\\\/wp-content\\\/uploads\\\/2020\\\/04\\\/Skiz2024.png\",\"contentUrl\":\"https:\\\/\\\/skiz1700.com\\\/wp-content\\\/uploads\\\/2020\\\/04\\\/Skiz2024.png\",\"width\":562,\"height\":557,\"caption\":\"SKIZ\"},\"image\":{\"@id\":\"https:\\\/\\\/skiz1700.com\\\/#\\\/schema\\\/logo\\\/image\\\/\"},\"sameAs\":[\"https:\\\/\\\/www.facebook.com\\\/skiz1700\"]}]}<\/script>\n<!-- \/ Yoast SEO plugin. -->","yoast_head_json":{"title":"Rental conditions and legal advice - Skiz","robots":{"index":"index","follow":"follow","max-snippet":"max-snippet:-1","max-image-preview":"max-image-preview:large","max-video-preview":"max-video-preview:-1"},"canonical":"https:\/\/skiz1700.com\/en\/rental-conditions-and-legal-advice\/","og_locale":"en_US","og_type":"article","og_title":"Rental conditions and legal advice - Skiz","og_description":"Condicions de la venda on-line Skiz ofereix la possibilitat de llogar el seu material a trav\u00e9s de la p\u00e0gina web www.skiz1700.com\u00a0i recollir-lo a la seva botiga f\u00edsica amb les dades de contacte seg\u00fcents i situada a: Hotel Llop gris, cam\u00ed del pont s\/n AD100 El tarter &#8211;\u00a0 Canillo (Andorra). Tel\u00e8fon: (+376) 830 013 info@skiz1700.com La [&hellip;]","og_url":"https:\/\/skiz1700.com\/en\/rental-conditions-and-legal-advice\/","og_site_name":"Skiz","article_publisher":"https:\/\/www.facebook.com\/skiz1700","article_modified_time":"2020-01-09T11:10:30+00:00","og_image":[{"width":562,"height":557,"url":"https:\/\/skiz1700.com\/wp-content\/uploads\/2020\/04\/Skiz2024.png","type":"image\/png"}],"twitter_card":"summary_large_image","twitter_misc":{"Est. reading time":"5 minutes"},"schema":{"@context":"https:\/\/schema.org","@graph":[{"@type":"WebPage","@id":"https:\/\/skiz1700.com\/en\/rental-conditions-and-legal-advice\/","url":"https:\/\/skiz1700.com\/en\/rental-conditions-and-legal-advice\/","name":"Rental conditions and legal advice - Skiz","isPartOf":{"@id":"https:\/\/skiz1700.com\/#website"},"datePublished":"2019-10-29T12:10:01+00:00","dateModified":"2020-01-09T11:10:30+00:00","breadcrumb":{"@id":"https:\/\/skiz1700.com\/en\/rental-conditions-and-legal-advice\/#breadcrumb"},"inLanguage":"en-US","potentialAction":[{"@type":"ReadAction","target":["https:\/\/skiz1700.com\/en\/rental-conditions-and-legal-advice\/"]}]},{"@type":"BreadcrumbList","@id":"https:\/\/skiz1700.com\/en\/rental-conditions-and-legal-advice\/#breadcrumb","itemListElement":[{"@type":"ListItem","position":1,"name":"Portada","item":"https:\/\/skiz1700.com\/en\/"},{"@type":"ListItem","position":2,"name":"Rental conditions and legal advice"}]},{"@type":"WebSite","@id":"https:\/\/skiz1700.com\/#website","url":"https:\/\/skiz1700.com\/","name":"Skiz","description":"","publisher":{"@id":"https:\/\/skiz1700.com\/#organization"},"potentialAction":[{"@type":"SearchAction","target":{"@type":"EntryPoint","urlTemplate":"https:\/\/skiz1700.com\/?s={search_term_string}"},"query-input":{"@type":"PropertyValueSpecification","valueRequired":true,"valueName":"search_term_string"}}],"inLanguage":"en-US"},{"@type":"Organization","@id":"https:\/\/skiz1700.com\/#organization","name":"SKIZ","url":"https:\/\/skiz1700.com\/","logo":{"@type":"ImageObject","inLanguage":"en-US","@id":"https:\/\/skiz1700.com\/#\/schema\/logo\/image\/","url":"https:\/\/skiz1700.com\/wp-content\/uploads\/2020\/04\/Skiz2024.png","contentUrl":"https:\/\/skiz1700.com\/wp-content\/uploads\/2020\/04\/Skiz2024.png","width":562,"height":557,"caption":"SKIZ"},"image":{"@id":"https:\/\/skiz1700.com\/#\/schema\/logo\/image\/"},"sameAs":["https:\/\/www.facebook.com\/skiz1700"]}]}},"_links":{"self":[{"href":"https:\/\/skiz1700.com\/en\/wp-json\/wp\/v2\/pages\/851","targetHints":{"allow":["GET"]}}],"collection":[{"href":"https:\/\/skiz1700.com\/en\/wp-json\/wp\/v2\/pages"}],"about":[{"href":"https:\/\/skiz1700.com\/en\/wp-json\/wp\/v2\/types\/page"}],"author":[{"embeddable":true,"href":"https:\/\/skiz1700.com\/en\/wp-json\/wp\/v2\/users\/1"}],"replies":[{"embeddable":true,"href":"https:\/\/skiz1700.com\/en\/wp-json\/wp\/v2\/comments?post=851"}],"version-history":[{"count":0,"href":"https:\/\/skiz1700.com\/en\/wp-json\/wp\/v2\/pages\/851\/revisions"}],"wp:attachment":[{"href":"https:\/\/skiz1700.com\/en\/wp-json\/wp\/v2\/media?parent=851"}],"curies":[{"name":"wp","href":"https:\/\/api.w.org\/{rel}","templated":true}]}}